{"id":25129,"date":"2026-04-20T09:25:25","date_gmt":"2026-04-20T08:25:25","guid":{"rendered":"https:\/\/vinothek-schmidli.ch\/?product=montemazzano-igt-2020"},"modified":"2026-04-20T09:25:30","modified_gmt":"2026-04-20T08:25:30","slug":"montemazzano-igt-2020","status":"publish","type":"product","link":"https:\/\/vinothek-schmidli.ch\/?product=montemazzano-igt-2020","title":{"rendered":"Montemazzano IGT 2020"},"content":{"rendered":"<table class=\"vino-product-specs\">\n<tbody>\n<tr>\n<th>Produzent<\/th>\n<td>Villabella<\/td>\n<\/tr>\n<tr>\n<th>Land<\/th>\n<td>Italien<\/td>\n<\/tr>\n<tr>\n<th>Region<\/th>\n<td>Veneto<\/td>\n<\/tr>\n<tr>\n<th>Trauben<\/th>\n<td>Corvina<\/td>\n<\/tr>\n<tr>\n<th>Inhalt<\/th>\n<td>75cl<\/td>\n<\/tr>\n<tr>\n<th>Jahrgang<\/th>\n<td>2020<\/td>\n<\/tr>\n<tr>\n<th>Volumen<\/th>\n<td>13.50<\/td>\n<\/tr>\n<tr class=\"vino-product-specs-desc\">\n<td colspan=\"2\">Dichtes Granatrot mit dichtem Kern. Schokolade, Tabak, Kirsche, Erdbeermarmelade in der Nase, dahinter Rosmarin und getrocknete Blumen. Guter S\u00e4urebogen am Gaumen mit angenehmer Frische, Trunk ausgewogen, fruchts\u00fc\u00dfer Abgang.<\/td>\n<\/tr>\n<\/tbody>\n<\/table>\n","protected":false},"excerpt":{"rendered":"<p>Produzent Villabella Land Italien Region Veneto Trauben Corvina Inhalt 75cl Jahrgang 2020 Volumen 13.50 Dichtes Granatrot mit dichtem Kern. Schokolade, Tabak, Kirsche, Erdbeermarmelade in der Nase, dahinter Rosmarin und getrocknete Blumen. Guter S\u00e4urebogen am Gaumen mit angenehmer Frische, Trunk ausgewogen, fruchts\u00fc\u00dfer Abgang.<\/p>\n","protected":false},"featured_media":24058,"template":"","meta":[],"product_brand":[700],"product_cat":[947,963,948],"product_tag":[],"class_list":{"0":"post-25129","1":"product","2":"type-product","3":"status-publish","4":"has-post-thumbnail","6":"product_brand-villabella","7":"product_cat-italien","8":"product_cat-rotwein","9":"product_cat-veneto","11":"first","12":"instock","13":"purchasable","14":"product-type-simple"},"_links":{"self":[{"href":"https:\/\/vinothek-schmidli.ch\/index.php?rest_route=\/wp\/v2\/product\/25129","targetHints":{"allow":["GET"]}}],"collection":[{"href":"https:\/\/vinothek-schmidli.ch\/index.php?rest_route=\/wp\/v2\/product"}],"about":[{"href":"https:\/\/vinothek-schmidli.ch\/index.php?rest_route=\/wp\/v2\/types\/product"}],"wp:featuredmedia":[{"embeddable":true,"href":"https:\/\/vinothek-schmidli.ch\/index.php?rest_route=\/wp\/v2\/media\/24058"}],"wp:attachment":[{"href":"https:\/\/vinothek-schmidli.ch\/index.php?rest_route=%2Fwp%2Fv2%2Fmedia&parent=25129"}],"wp:term":[{"taxonomy":"product_brand","embeddable":true,"href":"https:\/\/vinothek-schmidli.ch\/index.php?rest_route=%2Fwp%2Fv2%2Fproduct_brand&post=25129"},{"taxonomy":"product_cat","embeddable":true,"href":"https:\/\/vinothek-schmidli.ch\/index.php?rest_route=%2Fwp%2Fv2%2Fproduct_cat&post=25129"},{"taxonomy":"product_tag","embeddable":true,"href":"https:\/\/vinothek-schmidli.ch\/index.php?rest_route=%2Fwp%2Fv2%2Fproduct_tag&post=25129"}],"curies":[{"name":"wp","href":"https:\/\/api.w.org\/{rel}","templated":true}]}}