{"id":25133,"date":"2026-04-20T09:25:32","date_gmt":"2026-04-20T08:25:32","guid":{"rendered":"https:\/\/vinothek-schmidli.ch\/?product=pinot-grigio-doc-2025"},"modified":"2026-04-20T09:25:33","modified_gmt":"2026-04-20T08:25:33","slug":"pinot-grigio-doc-2025","status":"publish","type":"product","link":"https:\/\/vinothek-schmidli.ch\/?product=pinot-grigio-doc-2025","title":{"rendered":"Pinot Grigio DOC 2025"},"content":{"rendered":"<table class=\"vino-product-specs\">\n<tbody>\n<tr>\n<th>Produzent<\/th>\n<td>Bennati<\/td>\n<\/tr>\n<tr>\n<th>Land<\/th>\n<td>Italien<\/td>\n<\/tr>\n<tr>\n<th>Region<\/th>\n<td>Veneto<\/td>\n<\/tr>\n<tr>\n<th>Trauben<\/th>\n<td>Pinot Grigio<\/td>\n<\/tr>\n<tr>\n<th>Inhalt<\/th>\n<td>75 cl<\/td>\n<\/tr>\n<tr>\n<th>Jahrgang<\/th>\n<td>2025<\/td>\n<\/tr>\n<tr>\n<th>Volumen<\/th>\n<td>12.00<\/td>\n<\/tr>\n<tr class=\"vino-product-specs-desc\">\n<td colspan=\"2\">Dieser veronesische Grauburgunder wird aus 100% Pinot Grigio-Trauben gekeltert. Funkelnd gelb mit kupferroten Reflexen bringt er ein vielschichtiges Aromenspiel ins Glas. Ein leichter Apfelton steigert sich in sch\u00f6ne frische Fruchtaromen mit Ankl\u00e4ngen von Limette, Pfirsich und Litschi. Dazu kommt eine mineralische Note und ein Hauch von Honig. Diese Aromen h\u00fcllen den Gaumen ein und hallen intensiv und lange nach. Der Pinot Grigio \u00fcberzeugt mit feinnerviger S\u00e4ure, stoffiger Intensit\u00e4t und einem vollen K\u00f6rper. Als \u0093Solot\u00e4nzer\u0094 in geselliger Runde oder zu kurz gebratenen Fischgerichten, Hummer in kr\u00e4ftiger So\u00dfe, Gefl\u00fcgel, Jungwild oder reifem Ziegenk\u00e4se ist er die richtige Wahl. Bei einer Temperatur von 10 &#8211; 12\u00b0 Grad servieren.<\/td>\n<\/tr>\n<\/tbody>\n<\/table>\n","protected":false},"excerpt":{"rendered":"<p>Produzent Bennati Land Italien Region Veneto Trauben Pinot Grigio Inhalt 75 cl Jahrgang 2025 Volumen 12.00 Dieser veronesische Grauburgunder wird aus 100% Pinot Grigio-Trauben gekeltert. Funkelnd gelb mit kupferroten Reflexen bringt er ein vielschichtiges Aromenspiel ins Glas. Ein leichter Apfelton steigert sich in sch\u00f6ne frische [&hellip;]<\/p>\n","protected":false},"featured_media":23967,"template":"","meta":[],"product_brand":[699],"product_cat":[947,948,993],"product_tag":[],"class_list":{"0":"post-25133","1":"product","2":"type-product","3":"status-publish","4":"has-post-thumbnail","6":"product_brand-bennati","7":"product_cat-italien","8":"product_cat-veneto","9":"product_cat-weisswein","11":"first","12":"instock","13":"purchasable","14":"product-type-simple"},"_links":{"self":[{"href":"https:\/\/vinothek-schmidli.ch\/index.php?rest_route=\/wp\/v2\/product\/25133","targetHints":{"allow":["GET"]}}],"collection":[{"href":"https:\/\/vinothek-schmidli.ch\/index.php?rest_route=\/wp\/v2\/product"}],"about":[{"href":"https:\/\/vinothek-schmidli.ch\/index.php?rest_route=\/wp\/v2\/types\/product"}],"wp:featuredmedia":[{"embeddable":true,"href":"https:\/\/vinothek-schmidli.ch\/index.php?rest_route=\/wp\/v2\/media\/23967"}],"wp:attachment":[{"href":"https:\/\/vinothek-schmidli.ch\/index.php?rest_route=%2Fwp%2Fv2%2Fmedia&parent=25133"}],"wp:term":[{"taxonomy":"product_brand","embeddable":true,"href":"https:\/\/vinothek-schmidli.ch\/index.php?rest_route=%2Fwp%2Fv2%2Fproduct_brand&post=25133"},{"taxonomy":"product_cat","embeddable":true,"href":"https:\/\/vinothek-schmidli.ch\/index.php?rest_route=%2Fwp%2Fv2%2Fproduct_cat&post=25133"},{"taxonomy":"product_tag","embeddable":true,"href":"https:\/\/vinothek-schmidli.ch\/index.php?rest_route=%2Fwp%2Fv2%2Fproduct_tag&post=25133"}],"curies":[{"name":"wp","href":"https:\/\/api.w.org\/{rel}","templated":true}]}}