{"id":25144,"date":"2026-04-20T09:25:32","date_gmt":"2026-04-20T08:25:32","guid":{"rendered":"https:\/\/vinothek-schmidli.ch\/?product=lagrein-raihalde-aoc-2022"},"modified":"2026-04-20T09:25:35","modified_gmt":"2026-04-20T08:25:35","slug":"lagrein-raihalde-aoc-2022","status":"publish","type":"product","link":"https:\/\/vinothek-schmidli.ch\/?product=lagrein-raihalde-aoc-2022","title":{"rendered":"Lagrein Raihalde AOC 2022"},"content":{"rendered":"<table class=\"vino-product-specs\">\n<tbody>\n<tr>\n<th>Produzent<\/th>\n<td>Baumgarnter Weinbau<\/td>\n<\/tr>\n<tr>\n<th>Land<\/th>\n<td>Schweiz<\/td>\n<\/tr>\n<tr>\n<th>Region<\/th>\n<td>Aargau<\/td>\n<\/tr>\n<tr>\n<th>Trauben<\/th>\n<td>Lagrein<\/td>\n<\/tr>\n<tr>\n<th>Inhalt<\/th>\n<td>75cl<\/td>\n<\/tr>\n<tr>\n<th>Jahrgang<\/th>\n<td>2022<\/td>\n<\/tr>\n<tr>\n<th>Volumen<\/th>\n<td>12.80<\/td>\n<\/tr>\n<tr class=\"vino-product-specs-desc\">\n<td colspan=\"2\">Ein Lagrein, bei dem sich die Lehrbucharomen der Reihe nach abhaken lassen: dunkle, reife Kirschnoten, Brombeere, schwarzer Holunder, Wacholder, dunkle Tabakbl\u00e4tter und einem sch\u00f6nen Hauch von Bitterschokolade. Am Gaumen zeigt er sich balanciert, aber auch angenehm rebellisch mit sehr sch\u00f6nem Volumen und gutem Tannin, das f\u00fcr ein angenehmes Trockengef\u00fchl sorgt, wodurch die sch\u00f6ne Sensation von Edelschokolade auch am Gaumen bleibt.<\/td>\n<\/tr>\n<\/tbody>\n<\/table>\n","protected":false},"excerpt":{"rendered":"<p>Produzent Baumgarnter Weinbau Land Schweiz Region Aargau Trauben Lagrein Inhalt 75cl Jahrgang 2022 Volumen 12.80 Ein Lagrein, bei dem sich die Lehrbucharomen der Reihe nach abhaken lassen: dunkle, reife Kirschnoten, Brombeere, schwarzer Holunder, Wacholder, dunkle Tabakbl\u00e4tter und einem sch\u00f6nen Hauch von Bitterschokolade. Am Gaumen zeigt [&hellip;]<\/p>\n","protected":false},"featured_media":24857,"template":"","meta":[],"product_brand":[1331],"product_cat":[1007,963,950],"product_tag":[],"class_list":{"0":"post-25144","1":"product","2":"type-product","3":"status-publish","4":"has-post-thumbnail","6":"product_brand-baumgarnter-weinbau","7":"product_cat-aargau","8":"product_cat-rotwein","9":"product_cat-schweiz","11":"first","12":"instock","13":"purchasable","14":"product-type-simple"},"_links":{"self":[{"href":"https:\/\/vinothek-schmidli.ch\/index.php?rest_route=\/wp\/v2\/product\/25144","targetHints":{"allow":["GET"]}}],"collection":[{"href":"https:\/\/vinothek-schmidli.ch\/index.php?rest_route=\/wp\/v2\/product"}],"about":[{"href":"https:\/\/vinothek-schmidli.ch\/index.php?rest_route=\/wp\/v2\/types\/product"}],"wp:featuredmedia":[{"embeddable":true,"href":"https:\/\/vinothek-schmidli.ch\/index.php?rest_route=\/wp\/v2\/media\/24857"}],"wp:attachment":[{"href":"https:\/\/vinothek-schmidli.ch\/index.php?rest_route=%2Fwp%2Fv2%2Fmedia&parent=25144"}],"wp:term":[{"taxonomy":"product_brand","embeddable":true,"href":"https:\/\/vinothek-schmidli.ch\/index.php?rest_route=%2Fwp%2Fv2%2Fproduct_brand&post=25144"},{"taxonomy":"product_cat","embeddable":true,"href":"https:\/\/vinothek-schmidli.ch\/index.php?rest_route=%2Fwp%2Fv2%2Fproduct_cat&post=25144"},{"taxonomy":"product_tag","embeddable":true,"href":"https:\/\/vinothek-schmidli.ch\/index.php?rest_route=%2Fwp%2Fv2%2Fproduct_tag&post=25144"}],"curies":[{"name":"wp","href":"https:\/\/api.w.org\/{rel}","templated":true}]}}