{"id":25147,"date":"2026-04-20T09:25:32","date_gmt":"2026-04-20T08:25:32","guid":{"rendered":"https:\/\/vinothek-schmidli.ch\/?product=elton-john-zero-blanc-de-blancs"},"modified":"2026-04-20T09:25:36","modified_gmt":"2026-04-20T08:25:36","slug":"elton-john-zero-blanc-de-blancs","status":"publish","type":"product","link":"https:\/\/vinothek-schmidli.ch\/?product=elton-john-zero-blanc-de-blancs","title":{"rendered":"Elton John Zero Blanc de Blancs"},"content":{"rendered":"<table class=\"vino-product-specs\">\n<tbody>\n<tr>\n<th>Produzent<\/th>\n<td>Elton John Zero<\/td>\n<\/tr>\n<tr>\n<th>Land<\/th>\n<td>Italien<\/td>\n<\/tr>\n<tr>\n<th>Region<\/th>\n<td>Veneto<\/td>\n<\/tr>\n<tr>\n<th>Trauben<\/th>\n<td>Chardonnay<\/td>\n<\/tr>\n<tr>\n<th>Inhalt<\/th>\n<td>75cl<\/td>\n<\/tr>\n<tr>\n<th>Jahrgang<\/th>\n<td><\/td>\n<\/tr>\n<tr>\n<th>Volumen<\/th>\n<td>0.00<\/td>\n<\/tr>\n<tr class=\"vino-product-specs-desc\">\n<td colspan=\"2\">Elton John Zero entstand aus dem Wunsch von Elton John und David Furnish, eine festliche alkoholfreie Alternative zu schaffen, die echte Genussmomente erm\u00f6glicht. Im Mittelpunkt steht die Idee, gemeinsames Feiern neu zu denken und bewussten Genuss mit Stil zu verbinden. Der Blanc de Blancs steht f\u00fcr stilvollen, alkoholfreien Genuss und verbindet die Eleganz eines klassischen Sparkling mit moderner Leichtigkeit.<\/p>\n<p>Elton John Zero Blanc de Blancs ist ein hochwertiger alkoholfreier Schaumwein, der ausschliesslich aus Chardonnay-Trauben aus Norditalien hergestellt wird. Durch einen pr\u00e4zise kontrollierten Fermentationsprozess mit ausgew\u00e4hlten Bakterien anstelle von Hefe spiegelt er Struktur und Aromatik eines klassischen Blanc de Blancs wider \u0096 und bleibt dabei vollst\u00e4ndig alkoholfrei. Frisch, lebendig und elegant begeistert dieser Blanc de Blancs mit feiner, edler Perlage, zarten Noten von frischem Apfel und blumigen Nuancen von Geissblattbl\u00fcten, getragen von feiner Komplexit\u00e4t und lebendiger Mineralit\u00e4t.<\/td>\n<\/tr>\n<\/tbody>\n<\/table>\n","protected":false},"excerpt":{"rendered":"<p>Produzent Elton John Zero Land Italien Region Veneto Trauben Chardonnay Inhalt 75cl Jahrgang Volumen 0.00 Elton John Zero entstand aus dem Wunsch von Elton John und David Furnish, eine festliche alkoholfreie Alternative zu schaffen, die echte Genussmomente erm\u00f6glicht. Im Mittelpunkt steht die Idee, gemeinsames Feiern [&hellip;]<\/p>\n","protected":false},"featured_media":24862,"template":"","meta":[],"product_brand":[1373],"product_cat":[1346,947,948],"product_tag":[],"class_list":{"0":"post-25147","1":"product","2":"type-product","3":"status-publish","4":"has-post-thumbnail","6":"product_brand-elton-john-zero","7":"product_cat-alkoholfrei","8":"product_cat-italien","9":"product_cat-veneto","11":"first","12":"instock","13":"purchasable","14":"product-type-simple"},"_links":{"self":[{"href":"https:\/\/vinothek-schmidli.ch\/index.php?rest_route=\/wp\/v2\/product\/25147","targetHints":{"allow":["GET"]}}],"collection":[{"href":"https:\/\/vinothek-schmidli.ch\/index.php?rest_route=\/wp\/v2\/product"}],"about":[{"href":"https:\/\/vinothek-schmidli.ch\/index.php?rest_route=\/wp\/v2\/types\/product"}],"wp:featuredmedia":[{"embeddable":true,"href":"https:\/\/vinothek-schmidli.ch\/index.php?rest_route=\/wp\/v2\/media\/24862"}],"wp:attachment":[{"href":"https:\/\/vinothek-schmidli.ch\/index.php?rest_route=%2Fwp%2Fv2%2Fmedia&parent=25147"}],"wp:term":[{"taxonomy":"product_brand","embeddable":true,"href":"https:\/\/vinothek-schmidli.ch\/index.php?rest_route=%2Fwp%2Fv2%2Fproduct_brand&post=25147"},{"taxonomy":"product_cat","embeddable":true,"href":"https:\/\/vinothek-schmidli.ch\/index.php?rest_route=%2Fwp%2Fv2%2Fproduct_cat&post=25147"},{"taxonomy":"product_tag","embeddable":true,"href":"https:\/\/vinothek-schmidli.ch\/index.php?rest_route=%2Fwp%2Fv2%2Fproduct_tag&post=25147"}],"curies":[{"name":"wp","href":"https:\/\/api.w.org\/{rel}","templated":true}]}}