{"id":25149,"date":"2026-04-20T09:25:32","date_gmt":"2026-04-20T08:25:32","guid":{"rendered":"https:\/\/vinothek-schmidli.ch\/?product=chazante-sencha-epice-schaumtee-alkoholfrei"},"modified":"2026-04-20T09:25:36","modified_gmt":"2026-04-20T08:25:36","slug":"chazante-sencha-epice-schaumtee-alkoholfrei","status":"publish","type":"product","link":"https:\/\/vinothek-schmidli.ch\/?product=chazante-sencha-epice-schaumtee-alkoholfrei","title":{"rendered":"Chaz\u00e1nte Sencha \u00c9pic\u00e9, Schaumtee alkoholfrei"},"content":{"rendered":"<table class=\"vino-product-specs\">\n<tbody>\n<tr>\n<th>Produzent<\/th>\n<td>Chaz\u00e1nte<\/td>\n<\/tr>\n<tr>\n<th>Land<\/th>\n<td>Deutschland<\/td>\n<\/tr>\n<tr>\n<th>Region<\/th>\n<td>Rheinland-Pfalz<\/td>\n<\/tr>\n<tr>\n<th>Trauben<\/th>\n<td><\/td>\n<\/tr>\n<tr>\n<th>Inhalt<\/th>\n<td>75cl<\/td>\n<\/tr>\n<tr>\n<th>Jahrgang<\/th>\n<td><\/td>\n<\/tr>\n<tr>\n<th>Volumen<\/th>\n<td>0.00<\/td>\n<\/tr>\n<tr class=\"vino-product-specs-desc\">\n<td colspan=\"2\">Prickelnder Genuss \u0096 ohne Alkohol<\/p>\n<p>Chaz\u00e1nte bringt das Beste aus Tee und Wein zusammen \u0096 spannend, prickelnd, alkoholfrei.<\/p>\n<p>Ingwer, Kr\u00e4uter, Zitronengras \u0096 Gr\u00fcntees und floraler Darjeeling-Touch. W\u00fcrzig und exotisch.<br \/>\nZu Meeresfr\u00fcchten und milden asiatischen Gerichten \u0096 auch pur super erfrischend. <\/p>\n<p>Chaz\u00e1nte ist ein alkoholfreier Schaumtee, der das Beste aus zwei Welten vereint: die vielschichtigen Aromen exklusiver Tees mit der S\u00e4ure und den mineralischen Noten eines Weins \u0096 veredelt mit feiner Kohlens\u00e4ure. So entsteht ein v\u00f6llig neues, spannendes Geschmackserlebnis \u0096 und das ganz ohne Alkohol. In der Nase entfalten sich D\u00fcfte von Ingwer, Kr\u00e4utern und erfrischendem Zitronengras. Die fein abgestimmten Gr\u00fcntees \u0096 Jasmin aus Fujian und Sencha aus Zhejiang \u0096 bringen eine pflanzliche, grasige Note ein, w\u00e4hrend ein First Flush Darjeeling dem Schaumtee mit floralen Akzenten eine besondere Tiefe verleiht. Wunderbar frisch und w\u00fcrzig mit feiner Perlage. Besonders harmonisch zu Meeresfr\u00fcchten und milden asiatischen Gerichten \u0096 und auch pur ein erfrischender Genuss.<\/p>\n<p>Inhaltsstoffe:<br \/>\nEntalkoholisierter Wein (Trauben, Traubenmostkonzentrat, Stabilisator: Citronens\u00e4ure und\/oder Hefemannoproteine, S\u00e4ureregulator: Weins\u00e4ure und\/oder Apfels\u00e4ure, Konservierungsstoff: Sulfite), Teeaufguss (49&#8201;%, davon Kr\u00e4utertee 40&#8201;%, Sencha &#038; Jasmin 44&#8201;%, Darjeeling 16&#8201;%), Kohlendioxid, S\u00e4uerungsmittel: Citronens\u00e4ure.<\/p>\n<p>Chaz\u00e1nte ist ein alkoholfreier Schaumtee, der das Beste aus zwei Welten vereint: die vielschichtigen Aromen exklusiver Tees mit der S\u00e4ure und den mineralischen Noten eines Weins \u0096 veredelt mit feiner Kohlens\u00e4ure. So entsteht ein v\u00f6llig neues, spannendes Geschmackserlebnis \u0096 und das ganz ohne Alkohol. Die kr\u00e4ftige Schwarzteemischung (Earl Grey) entfaltet durch das intensive Bergamotte-Aroma eine markante Tiefe mit zitrischen und leicht herben Akzenten. In der Nase zeigen sich zarte florale Nuancen. Rund im Geschmack, elegant im Stil \u0096 und einfach ideal zu Sushi, Wurzelgem\u00fcse, Gefl\u00fcgel oder Linsengerichten. Perfekt f\u00fcr alle, die einen leicht herben Touch oder eine alkoholfreie Alternative zu einem Sauvignon Blanc m\u00f6gen.<\/p>\n<p>Inhaltsstoffe:<br \/>\nEntalkoholisierter Wein (Trauben, Traubenmostkonzentrat, Stabilisator: Citronens\u00e4ure und\/oder Hefemannoproteine, S\u00e4ureregulator: Weins\u00e4ure und\/oder Apfels\u00e4ure, Konservierungsstoff: Sulfite), Teeaufguss (49&#8201;%, davon Earl Grey 100&#8201;%), Kohlendioxid, S\u00e4uerungsmittel: Citronens\u00e4ure.<\/td>\n<\/tr>\n<\/tbody>\n<\/table>\n","protected":false},"excerpt":{"rendered":"<p>Produzent Chaz\u00e1nte Land Deutschland Region Rheinland-Pfalz Trauben Inhalt 75cl Jahrgang Volumen 0.00 Prickelnder Genuss \u0096 ohne Alkohol Chaz\u00e1nte bringt das Beste aus Tee und Wein zusammen \u0096 spannend, prickelnd, alkoholfrei. Ingwer, Kr\u00e4uter, Zitronengras \u0096 Gr\u00fcntees und floraler Darjeeling-Touch. W\u00fcrzig und exotisch. Zu Meeresfr\u00fcchten und milden [&hellip;]<\/p>\n","protected":false},"featured_media":25160,"template":"","meta":[],"product_brand":[1374],"product_cat":[1346,1368,1377],"product_tag":[],"class_list":{"0":"post-25149","1":"product","2":"type-product","3":"status-publish","4":"has-post-thumbnail","6":"product_brand-chazante","7":"product_cat-alkoholfrei","8":"product_cat-deutschland","9":"product_cat-rheinland-pfalz","11":"first","12":"instock","13":"purchasable","14":"product-type-simple"},"_links":{"self":[{"href":"https:\/\/vinothek-schmidli.ch\/index.php?rest_route=\/wp\/v2\/product\/25149","targetHints":{"allow":["GET"]}}],"collection":[{"href":"https:\/\/vinothek-schmidli.ch\/index.php?rest_route=\/wp\/v2\/product"}],"about":[{"href":"https:\/\/vinothek-schmidli.ch\/index.php?rest_route=\/wp\/v2\/types\/product"}],"wp:featuredmedia":[{"embeddable":true,"href":"https:\/\/vinothek-schmidli.ch\/index.php?rest_route=\/wp\/v2\/media\/25160"}],"wp:attachment":[{"href":"https:\/\/vinothek-schmidli.ch\/index.php?rest_route=%2Fwp%2Fv2%2Fmedia&parent=25149"}],"wp:term":[{"taxonomy":"product_brand","embeddable":true,"href":"https:\/\/vinothek-schmidli.ch\/index.php?rest_route=%2Fwp%2Fv2%2Fproduct_brand&post=25149"},{"taxonomy":"product_cat","embeddable":true,"href":"https:\/\/vinothek-schmidli.ch\/index.php?rest_route=%2Fwp%2Fv2%2Fproduct_cat&post=25149"},{"taxonomy":"product_tag","embeddable":true,"href":"https:\/\/vinothek-schmidli.ch\/index.php?rest_route=%2Fwp%2Fv2%2Fproduct_tag&post=25149"}],"curies":[{"name":"wp","href":"https:\/\/api.w.org\/{rel}","templated":true}]}}