{"id":25150,"date":"2026-04-20T09:25:38","date_gmt":"2026-04-20T08:25:38","guid":{"rendered":"https:\/\/vinothek-schmidli.ch\/?product=chazante-oolong-orange-schaumtee-alkoholfrei"},"modified":"2026-04-20T09:25:38","modified_gmt":"2026-04-20T08:25:38","slug":"chazante-oolong-orange-schaumtee-alkoholfrei","status":"publish","type":"product","link":"https:\/\/vinothek-schmidli.ch\/?product=chazante-oolong-orange-schaumtee-alkoholfrei","title":{"rendered":"Chaz\u00e1nte Oolong Orange, Schaumtee alkoholfrei"},"content":{"rendered":"<table class=\"vino-product-specs\">\n<tbody>\n<tr>\n<th>Produzent<\/th>\n<td>Chaz\u00e1nte<\/td>\n<\/tr>\n<tr>\n<th>Land<\/th>\n<td>Deutschland<\/td>\n<\/tr>\n<tr>\n<th>Region<\/th>\n<td>Rheinland-Pfalz<\/td>\n<\/tr>\n<tr>\n<th>Trauben<\/th>\n<td><\/td>\n<\/tr>\n<tr>\n<th>Inhalt<\/th>\n<td>75cl<\/td>\n<\/tr>\n<tr>\n<th>Jahrgang<\/th>\n<td><\/td>\n<\/tr>\n<tr>\n<th>Volumen<\/th>\n<td>0.00<\/td>\n<\/tr>\n<tr class=\"vino-product-specs-desc\">\n<td colspan=\"2\">Prickelnder Genuss \u0096 ohne Alkohol<\/p>\n<p>Chaz\u00e1nte bringt das Beste aus Tee und Wein zusammen \u0096 spannend, prickelnd, alkoholfrei.<\/p>\n<p>Zitrus, Orange, Oolong-Tee \u0096 frischer Sencha sorgt f\u00fcr Balance. Fruchtig, lebendig, sonnig!<br \/>\nZart ros\u00e9farben schimmernd \u0096 ein Highlight zu Aperitif, Mezze oder leichten Salaten.<\/p>\n<p>Chaz\u00e1nte ist ein alkoholfreier Schaumtee, der das Beste aus zwei Welten vereint: die vielschichtigen Aromen exklusiver Tees mit der S\u00e4ure und den mineralischen Noten eines Weins \u0096 veredelt mit feiner Kohlens\u00e4ure. So entsteht ein v\u00f6llig neues, spannendes Geschmackserlebnis \u0096 und das ganz ohne Alkohol. Ein feiner Zitrusduft erinnert an Sizilien oder Andalusien. Der Geschmack reifer Orangen verbindet sich mit zarten Pfirsichnoten und der floralen Leichtigkeit des Oolong-Tees aus Nantou. Gr\u00fcner Sencha bringt Frische und Balance. Fruchtig, lebendig, sonnig! Mit seinem zart ros\u00e9farbenen Schimmer ist er ein Highlight zu Aperitif, Mezze oder leichten Gerichten wie Salaten.<\/p>\n<p>Inhaltsstoffe:<br \/>\nEntalkoholisierter Wein (Trauben, Traubenmostkonzentrat, Stabilisator: Citronens\u00e4ure und\/oder Hefemannoproteine, S\u00e4ureregulator: Weins\u00e4ure und\/oder Apfels\u00e4ure, Konservierungsstoff: Sulfite), Teeaufguss (49&#8201;%, davon Fr\u00fcchtetee mit Orangengeschmack 46&#8201;%, Sencha 38&#8201;%, Oolong 16&#8201;%), Kohlendioxid, S\u00e4uerungsmittel: Citronens\u00e4ure.<\/td>\n<\/tr>\n<\/tbody>\n<\/table>\n","protected":false},"excerpt":{"rendered":"<p>Produzent Chaz\u00e1nte Land Deutschland Region Rheinland-Pfalz Trauben Inhalt 75cl Jahrgang Volumen 0.00 Prickelnder Genuss \u0096 ohne Alkohol Chaz\u00e1nte bringt das Beste aus Tee und Wein zusammen \u0096 spannend, prickelnd, alkoholfrei. Zitrus, Orange, Oolong-Tee \u0096 frischer Sencha sorgt f\u00fcr Balance. Fruchtig, lebendig, sonnig! Zart ros\u00e9farben schimmernd [&hellip;]<\/p>\n","protected":false},"featured_media":25159,"template":"","meta":[],"product_brand":[1374],"product_cat":[1346,1368,1377],"product_tag":[],"class_list":{"0":"post-25150","1":"product","2":"type-product","3":"status-publish","4":"has-post-thumbnail","6":"product_brand-chazante","7":"product_cat-alkoholfrei","8":"product_cat-deutschland","9":"product_cat-rheinland-pfalz","11":"first","12":"instock","13":"purchasable","14":"product-type-simple"},"_links":{"self":[{"href":"https:\/\/vinothek-schmidli.ch\/index.php?rest_route=\/wp\/v2\/product\/25150","targetHints":{"allow":["GET"]}}],"collection":[{"href":"https:\/\/vinothek-schmidli.ch\/index.php?rest_route=\/wp\/v2\/product"}],"about":[{"href":"https:\/\/vinothek-schmidli.ch\/index.php?rest_route=\/wp\/v2\/types\/product"}],"wp:featuredmedia":[{"embeddable":true,"href":"https:\/\/vinothek-schmidli.ch\/index.php?rest_route=\/wp\/v2\/media\/25159"}],"wp:attachment":[{"href":"https:\/\/vinothek-schmidli.ch\/index.php?rest_route=%2Fwp%2Fv2%2Fmedia&parent=25150"}],"wp:term":[{"taxonomy":"product_brand","embeddable":true,"href":"https:\/\/vinothek-schmidli.ch\/index.php?rest_route=%2Fwp%2Fv2%2Fproduct_brand&post=25150"},{"taxonomy":"product_cat","embeddable":true,"href":"https:\/\/vinothek-schmidli.ch\/index.php?rest_route=%2Fwp%2Fv2%2Fproduct_cat&post=25150"},{"taxonomy":"product_tag","embeddable":true,"href":"https:\/\/vinothek-schmidli.ch\/index.php?rest_route=%2Fwp%2Fv2%2Fproduct_tag&post=25150"}],"curies":[{"name":"wp","href":"https:\/\/api.w.org\/{rel}","templated":true}]}}