{"id":25153,"date":"2026-04-20T09:25:38","date_gmt":"2026-04-20T08:25:38","guid":{"rendered":"https:\/\/vinothek-schmidli.ch\/?product=rosso-del-ticino-doc-%c2%93rosso-del-brich-doc-2022"},"modified":"2026-04-20T09:25:39","modified_gmt":"2026-04-20T08:25:39","slug":"rosso-del-ticino-doc-%c2%93rosso-del-brich-doc-2022","status":"publish","type":"product","link":"https:\/\/vinothek-schmidli.ch\/?product=rosso-del-ticino-doc-%c2%93rosso-del-brich-doc-2022","title":{"rendered":"Rosso del Ticino Doc \u0093Rosso del Brich DOC 2022"},"content":{"rendered":"<table class=\"vino-product-specs\">\n<tbody>\n<tr>\n<th>Produzent<\/th>\n<td>Fratelli Corti<\/td>\n<\/tr>\n<tr>\n<th>Land<\/th>\n<td>Schweiz<\/td>\n<\/tr>\n<tr>\n<th>Region<\/th>\n<td>Tessin<\/td>\n<\/tr>\n<tr>\n<th>Trauben<\/th>\n<td>Merlot, Cabernet Sauvignon, Marselan<\/td>\n<\/tr>\n<tr>\n<th>Inhalt<\/th>\n<td>75cl<\/td>\n<\/tr>\n<tr>\n<th>Jahrgang<\/th>\n<td>2022<\/td>\n<\/tr>\n<tr>\n<th>Volumen<\/th>\n<td>13.00<\/td>\n<\/tr>\n<tr class=\"vino-product-specs-desc\">\n<td colspan=\"2\">Im Glas intensives, leuchtendes Rubinrot. In der Nase ein breiter, komplexer Duft nach roten Fr\u00fcchten und Gew\u00fcrzen. Am Gaumen zeigt er gute aromatische Best\u00e4ndigkeit und eine sch\u00f6ne Komplexit\u00e4t.<\/p>\n<p>Passend zu gebratenem rotem Fleisch, edlem Gefl\u00fcgel, Wild und lokalen Tessingerichten.<\/td>\n<\/tr>\n<\/tbody>\n<\/table>\n","protected":false},"excerpt":{"rendered":"<p>Produzent Fratelli Corti Land Schweiz Region Tessin Trauben Merlot, Cabernet Sauvignon, Marselan Inhalt 75cl Jahrgang 2022 Volumen 13.00 Im Glas intensives, leuchtendes Rubinrot. In der Nase ein breiter, komplexer Duft nach roten Fr\u00fcchten und Gew\u00fcrzen. Am Gaumen zeigt er gute aromatische Best\u00e4ndigkeit und eine sch\u00f6ne [&hellip;]<\/p>\n","protected":false},"featured_media":24108,"template":"","meta":[],"product_brand":[1201],"product_cat":[963,950,1017],"product_tag":[],"class_list":{"0":"post-25153","1":"product","2":"type-product","3":"status-publish","4":"has-post-thumbnail","6":"product_brand-fratelli-corti","7":"product_cat-rotwein","8":"product_cat-schweiz","9":"product_cat-tessin","11":"first","12":"instock","13":"purchasable","14":"product-type-simple"},"_links":{"self":[{"href":"https:\/\/vinothek-schmidli.ch\/index.php?rest_route=\/wp\/v2\/product\/25153","targetHints":{"allow":["GET"]}}],"collection":[{"href":"https:\/\/vinothek-schmidli.ch\/index.php?rest_route=\/wp\/v2\/product"}],"about":[{"href":"https:\/\/vinothek-schmidli.ch\/index.php?rest_route=\/wp\/v2\/types\/product"}],"wp:featuredmedia":[{"embeddable":true,"href":"https:\/\/vinothek-schmidli.ch\/index.php?rest_route=\/wp\/v2\/media\/24108"}],"wp:attachment":[{"href":"https:\/\/vinothek-schmidli.ch\/index.php?rest_route=%2Fwp%2Fv2%2Fmedia&parent=25153"}],"wp:term":[{"taxonomy":"product_brand","embeddable":true,"href":"https:\/\/vinothek-schmidli.ch\/index.php?rest_route=%2Fwp%2Fv2%2Fproduct_brand&post=25153"},{"taxonomy":"product_cat","embeddable":true,"href":"https:\/\/vinothek-schmidli.ch\/index.php?rest_route=%2Fwp%2Fv2%2Fproduct_cat&post=25153"},{"taxonomy":"product_tag","embeddable":true,"href":"https:\/\/vinothek-schmidli.ch\/index.php?rest_route=%2Fwp%2Fv2%2Fproduct_tag&post=25153"}],"curies":[{"name":"wp","href":"https:\/\/api.w.org\/{rel}","templated":true}]}}